{"id":1751,"date":"2017-02-26T12:00:22","date_gmt":"2017-02-26T12:00:22","guid":{"rendered":"http:\/\/blumdesign.eu\/?page_id=1751"},"modified":"2024-06-02T09:56:07","modified_gmt":"2024-06-02T09:56:07","slug":"faq-2","status":"publish","type":"page","link":"https:\/\/seequax.com\/en\/faq-2\/","title":{"rendered":"FAQs"},"content":{"rendered":"<div data-elementor-type=\"wp-page\" data-elementor-id=\"1751\" class=\"elementor elementor-1751\">\n\t\t\t\t<div class=\"elementor-element elementor-element-384d194 e-flex e-con-boxed e-con e-parent\" data-id=\"384d194\" data-element_type=\"container\">\n\t\t\t\t\t<div class=\"e-con-inner\">\n\t\t\t\t<div class=\"elementor-element elementor-element-eb42776 elementor-widget elementor-widget-heading\" data-id=\"eb42776\" data-element_type=\"widget\" data-widget_type=\"heading.default\">\n\t\t\t\t<div class=\"elementor-widget-container\">\n\t\t\t<style>\/*! elementor - v3.21.0 - 26-05-2024 *\/\n.elementor-heading-title{padding:0;margin:0;line-height:1}.elementor-widget-heading .elementor-heading-title[class*=elementor-size-]>a{color:inherit;font-size:inherit;line-height:inherit}.elementor-widget-heading .elementor-heading-title.elementor-size-small{font-size:15px}.elementor-widget-heading .elementor-heading-title.elementor-size-medium{font-size:19px}.elementor-widget-heading .elementor-heading-title.elementor-size-large{font-size:29px}.elementor-widget-heading .elementor-heading-title.elementor-size-xl{font-size:39px}.elementor-widget-heading .elementor-heading-title.elementor-size-xxl{font-size:59px}<\/style><h2 class=\"elementor-heading-title elementor-size-default\">Questions on the music<\/h2>\t\t<\/div>\n\t\t\t\t<\/div>\n\t\t\t\t\t<\/div>\n\t\t\t\t<\/div>\n\t\t<div class=\"elementor-element elementor-element-480ab18c e-flex e-con-boxed e-con e-parent\" data-id=\"480ab18c\" data-element_type=\"container\">\n\t\t\t\t\t<div class=\"e-con-inner\">\n\t\t\t\t<div class=\"elementor-element elementor-element-622ef611 elementor-widget elementor-widget-text-editor\" data-id=\"622ef611\" data-element_type=\"widget\" data-widget_type=\"text-editor.default\">\n\t\t\t\t<div class=\"elementor-widget-container\">\n\t\t\t<style>\/*! elementor - v3.21.0 - 26-05-2024 *\/\n.elementor-widget-text-editor.elementor-drop-cap-view-stacked .elementor-drop-cap{background-color:#69727d;color:#fff}.elementor-widget-text-editor.elementor-drop-cap-view-framed .elementor-drop-cap{color:#69727d;border:3px solid;background-color:transparent}.elementor-widget-text-editor:not(.elementor-drop-cap-view-default) .elementor-drop-cap{margin-top:8px}.elementor-widget-text-editor:not(.elementor-drop-cap-view-default) .elementor-drop-cap-letter{width:1em;height:1em}.elementor-widget-text-editor .elementor-drop-cap{float:left;text-align:center;line-height:1;font-size:50px}.elementor-widget-text-editor .elementor-drop-cap-letter{display:inline-block}<\/style>\t\t\t\t<h3><strong>Does Albums! save the music on my mobile?<\/strong><\/h3><p class=\"Text\">No. Albums! only administers references in your library. The music that you want to listen to has to be in your library.<\/p><p><strong>It\u2019s not possible to add any music titles to Albums!. Why not?<\/strong><\/p><p class=\"Text\">You either don\u2019t have any music in your library, so you just need to add music to your library by using Apple Music or iTunes. Or you haven\u2019t allowed Albums! to access your library. If you want to allow Albums! access to your library, open \u201esettings\u201c in your iOS app, tap Albums!, and allow access to your library.<\/p><h3><strong>Why can I directly listen to music using Apple Music but not with Albums!?<\/strong><\/h3><p class=\"Text\">Apple only allows third parties (third manufacturers?) [yes, we\u2019d say third parties] access to music in your library. So first add music in Apple Music to your library. Then Albums! makes your music available to you either automatically by Auto Boxes, or you can add it to your favorite Box.<\/p><h3><strong>Can I play playlists with Albums!?<\/strong><\/h3><p class=\"Text\">Yes, you can add playlists just like albums or songs to a Box. You can use each medium individually or the complete Box as a \u201dsuper playlist\u201c.<\/p><h3><strong>Can I listen to music in Albums! offline?<\/strong><\/h3><p class=\"Text\">Yes, you can. Music that you have downloaded to your library can be listened to offline when using Albums!<\/p><h3><strong>Why does Albums! show that music is not in my library?<\/strong><\/h3><p>This can happen for several reasons, including the chance that you have deleted music in your library. If you are offline, Albums! only has access to music you have already downloaded to your library. Other titles are indicated as unavailable. If you use a Box that you have received by mail and inserted into Albums!, it may be possible that the music from this Box is not yet available in your library. Add the relevant music to your library by using Apple Music or iTunes.[<\/p><h3><strong>Why aren\u2019t covers sometimes shown?<\/strong><\/h3><p class=\"Text\">You either have music in your library that does not have a cover or your library hasn\u2019t added the corresponding cover to the cache. The cover can usually be seen after you have listened to it with Albums!<\/p><h3>Can I create Boxes in Boxes?<\/h3><p class=\"Text\">Yes, you can. Just add further Boxes within one Box. You can insert subordinate Boxes just like music media. For a better overview you can structure your Box with dividing lines.<\/p><h3>Why isn\u2019t it possible to mark more than five favorites?<\/h3><p class=\"Text\"><b>\u00a0<\/b>Nun ja, die Box hei\u00dft \u201aTop Five\u2018. \ud83d\ude42 Wir wollen, dass in dieser Box nur deine f\u00fcnf aktuellen absoluten Favoriten enthalten sind, damit die Box wirklich schnell und \u00fcbersichtlich bleibt. F\u00fcr alles andere hast du Boxes.<\/p><h3>Why doesn\u2019t the music or the audiobook continue playing from the position where I stopped?<\/h3><p class=\"Text\">Albums! can only memorize the position where you stopped if you stop it with the help of the Albums! player.<\/p><h3>Can I play the Albums! app permanently in the foreground?<\/h3><p class=\"Text\">Yes, you can. In \u201csettings\u201c you can define this. But we don\u2019t recommend doing so, because it strongly impacts the running time of your battery.<\/p><h3>Why can I see functions in videos that I can\u2019t select?<\/h3><p class=\"Text\">This can happen if you don\u2019t use the iPhone 6S or higher. Only these iPhones have a 3D touch, which offers the opportunity to press your screen a bit harder to trigger certain actions.<\/p><h3>Can I copy music into another Box?<\/h3><p class=\"Text\">Yes, you can. Albums, songs and playlists can be copied. Simply swipe on the relevant medium in the view of the Box to the left and tap \u201dcopy\u201c.<\/p><h2>Questions on sharing with your friends and with other devices<\/h2><h3>Can I share a Box or an album?<\/h3><p>Yes, you can. You need to select \u201dto send as email\u201c among the functions for sharing. Albums! creates an email with the Box as attachment. This Box only contains the references in the library, not the music media itself.<\/p><h3>I have received a Box by mail. Why can\u2019t I play some music that is in this Box?<\/h3><p>Albums! doesn\u2019t send any music or songs, but only the references in the library, If you have received a Box by mail, add the missing songs or Albums to your library by using Apple Music or iTunes.<\/p><h3>How do I transfer all my Boxes to another device - for example from iPhone to iPad?<\/h3><p>In the default setting, Albums! makes a back-up of all the boxes that are in your personal iCloud. If your iPad is registered with the same Apple ID as your iPhone, you just need to tap \u201drestore\u201c in settings and select the relevant back-up. Then you will have the same content on your iPad and your iPhone.<\/p><h3>If I de-install my app, will I lose all my data (Boxes)?<\/h3><p>Not if you have activated your iCloud. By default, Albums! makes a back-up of all your Boxes in your personal iCloud. This back-up is kept even after de-installing the app. Use the iCloud app or your Mac to have a look at the data in your iCloud in the folder \u201ealbums\u201c and \/ or to delete it.<\/p><h2>Questions concerning your privacy and data protection<\/h2><h3>Why does Albums! want to access my position?<\/h3><p>Depending on time and place, Albums! can automatically offer you music in the Box \u201dHere and now\u201c. Albums! gets to know your listening habits. In the search function you can also see on a map when and where you listened to which music. Together with the photos you might have taken, you can experience this moment again. You can also create your own Auto Boxes to offer you selected music in the Auto Box \u201dHere and now\u201c when you are at a certain place.<\/p><h3>Does Albums! share my position or when and where I listened to music with a third person?<\/h3><p class=\"Text\">No. Your private data should remain private. This is very important to us. Your data referring to your location are only stored locally in the device you used when listening to music with Albums!.<\/p><h3>How long does Albums! store data concerning when and where I listened to music?<\/h3><p class=\"Text\">At the moment data are deleted when they are older than a year or if there is too much data.<\/p><h3>Why does Albums! want to send messages to me?<\/h3><p class=\"Text\">Albums! usually analyses your listening habits and will create Auto Boxes automatically after some time\u2014for example, all albums of the current year or of an artist you listen to very often. Albums! informs you when such an Auto Box has been created.<\/p><h3>Why does Albums! want to have access to my photos?<\/h3><p>Albums! accesses your photos on two occasions: when you create a Box and want to use one of your photos as a cover and when showing you appropriate photos for a local search.<\/p><h3>Does Albums! share private data such as photos with a third person?<\/h3><p class=\"Text\">No. Your private data should remain private. This is very important to us. Albums! doesn\u2019t share your data automatically with a third party. It\u2019s up to you to decide what should be shared. At the moment, only contents of Boxes that you can send by mail can be shared. The contents only show the references, but no information about when and where the songs were listened to. Using the text editor, you can see the content if you re-name them in *.txt.<\/p><h3>Is all the music from Apple Music added to the Auto Boxes?<\/h3><p class=\"Text\">Only when you add music from Apple Music or iTunes to your library can it be used in your Auto Boxes. If you create an Auto Box \u201dMy jazz albums\u201c for example, only albums of the jazz genre that are already in your library are added, although there are more albums of jazz in Apple Music.<\/p><h3>Is it possible to reactivate the use of my position or the access to my photos again?<\/h3><p class=\"Text\">If you tap Albums! in your iOS settings of your app, you can decide what the app is allowed to do. In the settings of Albums! itself you can activate and deactivate further functions.<\/p><h3>Why doesn\u2019t Albums! sometimes show music on the map?<\/h3><p class=\"Text\">The app has to be played in the foreground to record when and where music was played with the Albums! player. The map function should be fun, so it doesn\u2019t claim completeness.<\/p><h2>Questions concerning the Apple Watch<\/h2><h3>How can I stop playing the music for a short time?<\/h3><p class=\"Text\">Select the Albums! app on the Apple watch and press the watch face a bit more strongly. You will be able to see several buttons to pause and to play the music, and to load the list of the Boxes again if something has gone wrong during the data transfer between iPhone and Apple watch.<\/p><h3>Why should I add \u201ecomplications\u201c (the small logos on the watch face) to the Apple watch?<\/h3><p class=\"Text\">Although the Albums! complications only show the Albums! logo, they offer a quick and handy way to open the Albums! app on the Apple Watch.<\/p><h3>Why do I sometimes see no or only blurred covers on my Apple Watch?<\/h3><p>If your Boxes change very often, a lot of data has to be transferred between iPhone and Apple watch. It might take time until the covers reach the Apple watch. But it is possible to play the music in the meantime.<\/p><h2>Questions on the YouTube player<\/h2><h3>I can\u2019t add some YouTube videos to Albums! or I can\u2019t play them. Why not?<\/h3><p class=\"Text\">Google allows only certain videos to be played by external players. You have to use the original YouTube app to play all the other videos.<\/p><h3>Why do some YouTube videos not appear in a search?<\/h3><p class=\"Text\">Google allows only certain videos to be played by external players. You have to use the original YouTube app to play all the other videos. Most videos are filtered out when searched for in Albums!.<\/p><h3>Why does the YouTube search in Albums! sometimes fail to work?<\/h3><p class=\"Text\">Only a certain number of searches per day in Google are free of charge. Try again the next day, please.<\/p><h3>Can I add a certain YouTube video to Albums!?<\/h3><p class=\"Text\">If you don\u2019t want to use the search function in Albums! then search for the videos in the YouTube app and tap \u201cshare\u201c. Share the video as a link. Then open Albums!, and in a Box select \u201eadd\/add as video Id\u201c. You can add the copied video Id to your Box.<\/p><h3>Why can\u2019t I play YouTube videos in the background?<\/h3><p class=\"Text\">Google only allows videos to be played in the foreground.<\/p><h3>Can I play the Albums! app permanently in the foreground?<\/h3><p class=\"Text\">Yes, you can. In \u201csettings\u201c you can define this. But we don\u2019t recommend doing so, because it strongly impacts the running time of your battery.<\/p><p>\u00a0<\/p><p><span style=\"color: #999999;\">Apple, Apple Music, iCloud, iTunes, iPad, iPhone, 3D Touch, Apple Watch and Mac are trademarks of Apple Inc., registered in the U.S. and other countries.<\/span><\/p><p><span style=\"color: #999999;\">The YouTube logo is a trademark of Google Inc.<\/span><\/p>\t\t\t\t\t\t<\/div>\n\t\t\t\t<\/div>\n\t\t\t\t\t<\/div>\n\t\t\t\t<\/div>\n\t\t\t\t<\/div>","protected":false},"excerpt":{"rendered":"<p>FAQs zur Musik Speichert Albums! Musik auf meinem Handy? Nein. Albums! verwaltet nur Referenzen in deiner Mediathek. Die Musik, die gespielt werden soll, muss in deiner Mediathek sein. Ich kann in Albums! keine Musik einf\u00fcgen. Woran liegt das? Entweder hast du keine Musik in deiner Mediathek und musst einfach Musik mit Apple Music oder iTunes [&hellip;]<\/p>","protected":false},"author":1,"featured_media":0,"parent":0,"menu_order":21,"comment_status":"closed","ping_status":"closed","template":"","meta":{"inline_featured_image":false,"ocean_post_layout":"full-width","ocean_both_sidebars_style":"","ocean_both_sidebars_content_width":0,"ocean_both_sidebars_sidebars_width":0,"ocean_sidebar":"","ocean_second_sidebar":"","ocean_disable_margins":"enable","ocean_add_body_class":"","ocean_shortcode_before_top_bar":"","ocean_shortcode_after_top_bar":"","ocean_shortcode_before_header":"","ocean_shortcode_after_header":"","ocean_has_shortcode":"","ocean_shortcode_after_title":"","ocean_shortcode_before_footer_widgets":"","ocean_shortcode_after_footer_widgets":"","ocean_shortcode_before_footer_bottom":"","ocean_shortcode_after_footer_bottom":"","ocean_display_top_bar":"default","ocean_display_header":"default","ocean_header_style":"","ocean_center_header_left_menu":"","ocean_custom_header_template":"","ocean_custom_logo":0,"ocean_custom_retina_logo":0,"ocean_custom_logo_max_width":0,"ocean_custom_logo_tablet_max_width":0,"ocean_custom_logo_mobile_max_width":0,"ocean_custom_logo_max_height":0,"ocean_custom_logo_tablet_max_height":0,"ocean_custom_logo_mobile_max_height":0,"ocean_header_custom_menu":"","ocean_menu_typo_font_family":"","ocean_menu_typo_font_subset":"","ocean_menu_typo_font_size":0,"ocean_menu_typo_font_size_tablet":0,"ocean_menu_typo_font_size_mobile":0,"ocean_menu_typo_font_size_unit":"px","ocean_menu_typo_font_weight":"","ocean_menu_typo_font_weight_tablet":"","ocean_menu_typo_font_weight_mobile":"","ocean_menu_typo_transform":"","ocean_menu_typo_transform_tablet":"","ocean_menu_typo_transform_mobile":"","ocean_menu_typo_line_height":0,"ocean_menu_typo_line_height_tablet":0,"ocean_menu_typo_line_height_mobile":0,"ocean_menu_typo_line_height_unit":"","ocean_menu_typo_spacing":0,"ocean_menu_typo_spacing_tablet":0,"ocean_menu_typo_spacing_mobile":0,"ocean_menu_typo_spacing_unit":"","ocean_menu_link_color":"","ocean_menu_link_color_hover":"","ocean_menu_link_color_active":"","ocean_menu_link_background":"","ocean_menu_link_hover_background":"","ocean_menu_link_active_background":"","ocean_menu_social_links_bg":"","ocean_menu_social_hover_links_bg":"","ocean_menu_social_links_color":"","ocean_menu_social_hover_links_color":"","ocean_disable_title":"default","ocean_disable_heading":"default","ocean_post_title":"","ocean_post_subheading":"","ocean_post_title_style":"","ocean_post_title_background_color":"","ocean_post_title_background":0,"ocean_post_title_bg_image_position":"","ocean_post_title_bg_image_attachment":"","ocean_post_title_bg_image_repeat":"","ocean_post_title_bg_image_size":"","ocean_post_title_height":0,"ocean_post_title_bg_overlay":0.5,"ocean_post_title_bg_overlay_color":"","ocean_disable_breadcrumbs":"default","ocean_breadcrumbs_color":"","ocean_breadcrumbs_separator_color":"","ocean_breadcrumbs_links_color":"","ocean_breadcrumbs_links_hover_color":"","ocean_display_footer_widgets":"default","ocean_display_footer_bottom":"default","ocean_custom_footer_template":"","footnotes":""},"_links":{"self":[{"href":"https:\/\/seequax.com\/en\/wp-json\/wp\/v2\/pages\/1751"}],"collection":[{"href":"https:\/\/seequax.com\/en\/wp-json\/wp\/v2\/pages"}],"about":[{"href":"https:\/\/seequax.com\/en\/wp-json\/wp\/v2\/types\/page"}],"author":[{"embeddable":true,"href":"https:\/\/seequax.com\/en\/wp-json\/wp\/v2\/users\/1"}],"replies":[{"embeddable":true,"href":"https:\/\/seequax.com\/en\/wp-json\/wp\/v2\/comments?post=1751"}],"version-history":[{"count":39,"href":"https:\/\/seequax.com\/en\/wp-json\/wp\/v2\/pages\/1751\/revisions"}],"predecessor-version":[{"id":2679,"href":"https:\/\/seequax.com\/en\/wp-json\/wp\/v2\/pages\/1751\/revisions\/2679"}],"wp:attachment":[{"href":"https:\/\/seequax.com\/en\/wp-json\/wp\/v2\/media?parent=1751"}],"curies":[{"name":"wp","href":"https:\/\/api.w.org\/{rel}","templated":true}]}}