{"id":1753,"date":"2017-02-26T12:00:50","date_gmt":"2017-02-26T12:00:50","guid":{"rendered":"http:\/\/blumdesign.eu\/?page_id=1753"},"modified":"2024-05-31T15:36:43","modified_gmt":"2024-05-31T15:36:43","slug":"pressekit-2","status":"publish","type":"page","link":"https:\/\/seequax.com\/en\/pressekit-2\/","title":{"rendered":"Press-Kit"},"content":{"rendered":"<div data-elementor-type=\"wp-page\" data-elementor-id=\"1753\" class=\"elementor elementor-1753\">\n\t\t\t\t<div class=\"elementor-element elementor-element-20ce1f7 e-flex e-con-boxed e-con e-parent\" data-id=\"20ce1f7\" data-element_type=\"container\">\n\t\t\t\t\t<div class=\"e-con-inner\">\n\t\t\t\t<div class=\"elementor-element elementor-element-bd85c12 elementor-widget elementor-widget-heading\" data-id=\"bd85c12\" data-element_type=\"widget\" data-widget_type=\"heading.default\">\n\t\t\t\t<div class=\"elementor-widget-container\">\n\t\t\t<style>\/*! elementor - v3.21.0 - 26-05-2024 *\/\n.elementor-heading-title{padding:0;margin:0;line-height:1}.elementor-widget-heading .elementor-heading-title[class*=elementor-size-]>a{color:inherit;font-size:inherit;line-height:inherit}.elementor-widget-heading .elementor-heading-title.elementor-size-small{font-size:15px}.elementor-widget-heading .elementor-heading-title.elementor-size-medium{font-size:19px}.elementor-widget-heading .elementor-heading-title.elementor-size-large{font-size:29px}.elementor-widget-heading .elementor-heading-title.elementor-size-xl{font-size:39px}.elementor-widget-heading .elementor-heading-title.elementor-size-xxl{font-size:59px}<\/style><h2 class=\"elementor-heading-title elementor-size-default\">Press-Kit<\/h2>\t\t<\/div>\n\t\t\t\t<\/div>\n\t\t\t\t\t<\/div>\n\t\t\t\t<\/div>\n\t\t<div class=\"elementor-element elementor-element-4502b83b e-flex e-con-boxed e-con e-parent\" data-id=\"4502b83b\" data-element_type=\"container\">\n\t\t\t\t\t<div class=\"e-con-inner\">\n\t\t\t\t<div class=\"elementor-element elementor-element-b0b8115 elementor-widget elementor-widget-text-editor\" data-id=\"b0b8115\" data-element_type=\"widget\" data-widget_type=\"text-editor.default\">\n\t\t\t\t<div class=\"elementor-widget-container\">\n\t\t\t<style>\/*! elementor - v3.21.0 - 26-05-2024 *\/\n.elementor-widget-text-editor.elementor-drop-cap-view-stacked .elementor-drop-cap{background-color:#69727d;color:#fff}.elementor-widget-text-editor.elementor-drop-cap-view-framed .elementor-drop-cap{color:#69727d;border:3px solid;background-color:transparent}.elementor-widget-text-editor:not(.elementor-drop-cap-view-default) .elementor-drop-cap{margin-top:8px}.elementor-widget-text-editor:not(.elementor-drop-cap-view-default) .elementor-drop-cap-letter{width:1em;height:1em}.elementor-widget-text-editor .elementor-drop-cap{float:left;text-align:center;line-height:1;font-size:50px}.elementor-widget-text-editor .elementor-drop-cap-letter{display:inline-block}<\/style>\t\t\t\t<p>Press\u00a0release<br \/>K\u00f6nigswinter, 2nd March 2017<\/p><h3><strong>Seequax releases Albums! for iOS<\/strong><\/h3><p>The music app Albums! uses Apple Music and offers direct access to the library and listening to music without endless playlists, Albums! was released in the Apple app store on 9th March 2017.<\/p><p><strong>Why another music app?<\/strong><\/p><p>Albums! offers several new functions. The music player can skip forwards or backwards from 10 seconds all the way up to complete albums. It memorizes the last position in the song or in audiobooks.<\/p><p>Most of all, it lets you create your own music system via the Box Concept.<\/p><p><strong>The Box Concept<\/strong><\/p><p>\u201cBoxes\u201d help the user find just the right music for any situation, according to his or her individual listening habits. Albums! offers an easy-to-use function to fill the various boxes. So-called \u201cauto boxes\u201d are filled automatically. Several predefined boxes are already available when you start your new app. An Albums! Play Box view presents your music in an animated way and offers direct access to the songs. The places where you listen to certain songs are also shown in a map.<\/p><p><strong>Who is behind Albums!?<\/strong><\/p><p>Heiko M\u00fcller, a manager of software development in the area of Business Intelligence, developed this app in 2016. The driving force was his recognition of a need: to have direct access to music the listener likes in specific situations. Online music cannot be stored in shelves as you might have done in the past, and it also can\u2019t be put into a particular order depending on your mood.\n\nThe big providers Spotify, Napster, Google and Apple Music mainly rely on standardized playlists.<\/p><p>The team of Seequax focused on filling this gap, and met the need in Albums! using the\u201dBox Concept\u201c.<\/p><p><strong>For more information:<\/strong><\/p><p>Albums! in the App Store:<br \/><span style=\"color: #0000ff;\"><a style=\"color: #0000ff;\" href=\"https:\/\/itunes.apple.com\/app\/id1200772025\">https:\/\/itunes.apple.com\/app\/id1200772025<\/a><\/span><\/p><p>Website of Albums!:<br \/><span style=\"color: #0000ff;\"><a style=\"color: #0000ff;\" href=\"http:\/\/www.albums-the-app.com\">www.albums-the-app.com<\/a><\/span><\/p><p>Albums!-YouTube channel:<br \/><span style=\"color: #0000ff;\"><a style=\"color: #0000ff;\" href=\"https:\/\/www.youtube.com\/channel\/UC2KYO-o78SNPh2i74SAzK3g\">https:\/\/www.youtube.com\/channel\/UC2KYO-o78SNPh2i74SAzK3g<\/a><\/span><\/p><p><strong>Press contact:<\/strong><\/p><p>Seequax c\/o Heiko M\u00fcller<\/p><p>Hauptstra\u00dfe 283<br \/>53693 Koenigswinter, Germany<\/p><p>Telefon: +49 171 9172968<br \/>E-Mail: info@seequax.com<\/p><p>Homepage<br \/><span style=\"color: #0000ff;\"><a style=\"color: #0000ff;\" href=\"https:\/\/seequax.com\/en\/\">www.seequax.com<\/a><\/span><\/p><p><span style=\"color: #999999;\"><em>Apple,<\/em><em> Apple Music and<\/em><em> iTunes are trademarks of Apple Inc., registered in the U.S. and other countries. IOS is a trademark or registered trademark of Cisco in the U.S. and other countries and is used under license. The YouTube logo is a trademark of Google Inc.<\/em><\/span><\/p>\t\t\t\t\t\t<\/div>\n\t\t\t\t<\/div>\n\t\t\t\t\t<\/div>\n\t\t\t\t<\/div>\n\t\t\t\t<\/div>","protected":false},"excerpt":{"rendered":"<p>Pressekit PressemitteilungK\u00f6nigswinter, 15. M\u00e4rz 2017 Seequax ver\u00f6ffentlicht Albums! f\u00fcr iOS Die Musik-App \u201eAlbums!\u201c setzt auf Apple Music auf und bietet direkten Zugriff auf die Mediathek und Musikh\u00f6ren ohne endlose Playlisten.\u00a0Albums! erscheint am 30. M\u00e4rz 2017 im Apple App Store. Warum (braucht die Welt) noch eine Musik-App? Albums! bringt eine Reihe neuer Funktionen. Der Musikplayer kann [&hellip;]<\/p>","protected":false},"author":1,"featured_media":0,"parent":0,"menu_order":22,"comment_status":"closed","ping_status":"closed","template":"","meta":{"inline_featured_image":false,"ocean_post_layout":"","ocean_both_sidebars_style":"","ocean_both_sidebars_content_width":0,"ocean_both_sidebars_sidebars_width":0,"ocean_sidebar":"","ocean_second_sidebar":"","ocean_disable_margins":"enable","ocean_add_body_class":"","ocean_shortcode_before_top_bar":"","ocean_shortcode_after_top_bar":"","ocean_shortcode_before_header":"","ocean_shortcode_after_header":"","ocean_has_shortcode":"","ocean_shortcode_after_title":"","ocean_shortcode_before_footer_widgets":"","ocean_shortcode_after_footer_widgets":"","ocean_shortcode_before_footer_bottom":"","ocean_shortcode_after_footer_bottom":"","ocean_display_top_bar":"default","ocean_display_header":"default","ocean_header_style":"","ocean_center_header_left_menu":"","ocean_custom_header_template":"","ocean_custom_logo":0,"ocean_custom_retina_logo":0,"ocean_custom_logo_max_width":0,"ocean_custom_logo_tablet_max_width":0,"ocean_custom_logo_mobile_max_width":0,"ocean_custom_logo_max_height":0,"ocean_custom_logo_tablet_max_height":0,"ocean_custom_logo_mobile_max_height":0,"ocean_header_custom_menu":"","ocean_menu_typo_font_family":"","ocean_menu_typo_font_subset":"","ocean_menu_typo_font_size":0,"ocean_menu_typo_font_size_tablet":0,"ocean_menu_typo_font_size_mobile":0,"ocean_menu_typo_font_size_unit":"px","ocean_menu_typo_font_weight":"","ocean_menu_typo_font_weight_tablet":"","ocean_menu_typo_font_weight_mobile":"","ocean_menu_typo_transform":"","ocean_menu_typo_transform_tablet":"","ocean_menu_typo_transform_mobile":"","ocean_menu_typo_line_height":0,"ocean_menu_typo_line_height_tablet":0,"ocean_menu_typo_line_height_mobile":0,"ocean_menu_typo_line_height_unit":"","ocean_menu_typo_spacing":0,"ocean_menu_typo_spacing_tablet":0,"ocean_menu_typo_spacing_mobile":0,"ocean_menu_typo_spacing_unit":"","ocean_menu_link_color":"","ocean_menu_link_color_hover":"","ocean_menu_link_color_active":"","ocean_menu_link_background":"","ocean_menu_link_hover_background":"","ocean_menu_link_active_background":"","ocean_menu_social_links_bg":"","ocean_menu_social_hover_links_bg":"","ocean_menu_social_links_color":"","ocean_menu_social_hover_links_color":"","ocean_disable_title":"default","ocean_disable_heading":"default","ocean_post_title":"","ocean_post_subheading":"","ocean_post_title_style":"","ocean_post_title_background_color":"","ocean_post_title_background":0,"ocean_post_title_bg_image_position":"","ocean_post_title_bg_image_attachment":"","ocean_post_title_bg_image_repeat":"","ocean_post_title_bg_image_size":"","ocean_post_title_height":0,"ocean_post_title_bg_overlay":0.5,"ocean_post_title_bg_overlay_color":"","ocean_disable_breadcrumbs":"default","ocean_breadcrumbs_color":"","ocean_breadcrumbs_separator_color":"","ocean_breadcrumbs_links_color":"","ocean_breadcrumbs_links_hover_color":"","ocean_display_footer_widgets":"default","ocean_display_footer_bottom":"default","ocean_custom_footer_template":"","footnotes":""},"_links":{"self":[{"href":"https:\/\/seequax.com\/en\/wp-json\/wp\/v2\/pages\/1753"}],"collection":[{"href":"https:\/\/seequax.com\/en\/wp-json\/wp\/v2\/pages"}],"about":[{"href":"https:\/\/seequax.com\/en\/wp-json\/wp\/v2\/types\/page"}],"author":[{"embeddable":true,"href":"https:\/\/seequax.com\/en\/wp-json\/wp\/v2\/users\/1"}],"replies":[{"embeddable":true,"href":"https:\/\/seequax.com\/en\/wp-json\/wp\/v2\/comments?post=1753"}],"version-history":[{"count":31,"href":"https:\/\/seequax.com\/en\/wp-json\/wp\/v2\/pages\/1753\/revisions"}],"predecessor-version":[{"id":2662,"href":"https:\/\/seequax.com\/en\/wp-json\/wp\/v2\/pages\/1753\/revisions\/2662"}],"wp:attachment":[{"href":"https:\/\/seequax.com\/en\/wp-json\/wp\/v2\/media?parent=1753"}],"curies":[{"name":"wp","href":"https:\/\/api.w.org\/{rel}","templated":true}]}}