{"id":592,"date":"0207-02-26T09:49:29","date_gmt":"1970-01-01T00:00:00","guid":{"rendered":"http:\/\/the7.dream-demo.com\/business\/?page_id=2"},"modified":"2024-06-06T14:21:25","modified_gmt":"2024-06-06T14:21:25","slug":"seequax","status":"publish","type":"page","link":"https:\/\/seequax.com\/en\/","title":{"rendered":"Seequax"},"content":{"rendered":"<div data-elementor-type=\"wp-page\" data-elementor-id=\"592\" class=\"elementor elementor-592\">\n\t\t\t\t<div class=\"elementor-element elementor-element-9e42843 e-flex e-con-boxed e-con e-parent\" data-id=\"9e42843\" data-element_type=\"container\">\n\t\t\t\t\t<div class=\"e-con-inner\">\n\t\t\t\t<div class=\"elementor-element elementor-element-656d047 elementor-widget elementor-widget-heading\" data-id=\"656d047\" data-element_type=\"widget\" data-widget_type=\"heading.default\">\n\t\t\t\t<div class=\"elementor-widget-container\">\n\t\t\t<style>\/*! elementor - v3.21.0 - 26-05-2024 *\/\n.elementor-heading-title{padding:0;margin:0;line-height:1}.elementor-widget-heading .elementor-heading-title[class*=elementor-size-]>a{color:inherit;font-size:inherit;line-height:inherit}.elementor-widget-heading .elementor-heading-title.elementor-size-small{font-size:15px}.elementor-widget-heading .elementor-heading-title.elementor-size-medium{font-size:19px}.elementor-widget-heading .elementor-heading-title.elementor-size-large{font-size:29px}.elementor-widget-heading .elementor-heading-title.elementor-size-xl{font-size:39px}.elementor-widget-heading .elementor-heading-title.elementor-size-xxl{font-size:59px}<\/style><h2 class=\"elementor-heading-title elementor-size-default\">About Seequax<\/h2>\t\t<\/div>\n\t\t\t\t<\/div>\n\t\t\t\t\t<\/div>\n\t\t\t\t<\/div>\n\t\t<div class=\"elementor-element elementor-element-6edc12bf e-flex e-con-boxed e-con e-parent\" data-id=\"6edc12bf\" data-element_type=\"container\">\n\t\t\t\t\t<div class=\"e-con-inner\">\n\t\t\t\t<div class=\"elementor-element elementor-element-49017fae elementor-widget elementor-widget-text-editor\" data-id=\"49017fae\" data-element_type=\"widget\" data-widget_type=\"text-editor.default\">\n\t\t\t\t<div class=\"elementor-widget-container\">\n\t\t\t<style>\/*! elementor - v3.21.0 - 26-05-2024 *\/\n.elementor-widget-text-editor.elementor-drop-cap-view-stacked .elementor-drop-cap{background-color:#69727d;color:#fff}.elementor-widget-text-editor.elementor-drop-cap-view-framed .elementor-drop-cap{color:#69727d;border:3px solid;background-color:transparent}.elementor-widget-text-editor:not(.elementor-drop-cap-view-default) .elementor-drop-cap{margin-top:8px}.elementor-widget-text-editor:not(.elementor-drop-cap-view-default) .elementor-drop-cap-letter{width:1em;height:1em}.elementor-widget-text-editor .elementor-drop-cap{float:left;text-align:center;line-height:1;font-size:50px}.elementor-widget-text-editor .elementor-drop-cap-letter{display:inline-block}<\/style>\t\t\t\t<p style=\"text-align: center;\">Our mission is to identify gaps in our software world and to fill these gaps intelligently. At the same time, we are enthusiastic listeners:\u00a0 an application comes to life when it is developed in collaboration with people who are actually looking for such an application.<\/p><p style=\"text-align: center;\">Our apps look attractive, but we are interested in more than a single \u201dwow\u201c effect. Our aim is the smile on your face. Only then will we be satisfied \u2013 because you are satisfied.<\/p><p style=\"text-align: center;\">Auch wenn\u00a0unsere Apps toll\u00a0aussehen, sind wir nicht an dem einmaligem\u00a0\u201aWow!\u2018-Effekt\u00a0interessiert. Unser Ziel ist es, Ihnen mit unseren Apps immer mal wieder\u00a0ein kleines L\u00e4cheln auf das Gesicht zu zaubern. Erst dann sind wir richtig zufrieden &#8211; weil Sie es dann sind.<\/p><p style=\"text-align: center;\">Have you been looking for a certain app and could not find it? Are you looking for a partner to develop an app? <span style=\"color: #13aff0;\"><a style=\"color: #13aff0;\" href=\"https:\/\/seequax.com\/en\/kontakt\/\">Then contact us.<\/a><\/span><\/p>\t\t\t\t\t\t<\/div>\n\t\t\t\t<\/div>\n\t\t\t\t\t<\/div>\n\t\t\t\t<\/div>\n\t\t<div class=\"elementor-element elementor-element-bb89ea2 e-con-full e-flex e-con e-parent\" data-id=\"bb89ea2\" data-element_type=\"container\" data-settings=\"{&quot;background_background&quot;:&quot;classic&quot;}\">\n\t\t\t\t<div class=\"elementor-element elementor-element-37d08b4 elementor-widget elementor-widget-heading\" data-id=\"37d08b4\" data-element_type=\"widget\" data-widget_type=\"heading.default\">\n\t\t\t\t<div class=\"elementor-widget-container\">\n\t\t\t<h2 class=\"elementor-heading-title elementor-size-default\">Albums! -\u00a0the music app with the exclamation point<\/h2>\t\t<\/div>\n\t\t\t\t<\/div>\n\t\t\t\t<\/div>\n\t\t<div class=\"elementor-element elementor-element-cee4257 e-grid e-con-boxed e-con e-parent\" data-id=\"cee4257\" data-element_type=\"container\" data-settings=\"{&quot;background_background&quot;:&quot;classic&quot;}\">\n\t\t\t\t\t<div class=\"e-con-inner\">\n\t\t<div class=\"elementor-element elementor-element-05d4be8 e-grid e-con-boxed e-con e-child\" data-id=\"05d4be8\" data-element_type=\"container\">\n\t\t\t\t\t<div class=\"e-con-inner\">\n\t\t\t\t<div class=\"elementor-element elementor-element-4ece4b2 elementor-widget elementor-widget-image\" data-id=\"4ece4b2\" data-element_type=\"widget\" data-widget_type=\"image.default\">\n\t\t\t\t<div class=\"elementor-widget-container\">\n\t\t\t<style>\/*! elementor - v3.21.0 - 26-05-2024 *\/\n.elementor-widget-image{text-align:center}.elementor-widget-image a{display:inline-block}.elementor-widget-image a img[src$=\".svg\"]{width:48px}.elementor-widget-image img{vertical-align:middle;display:inline-block}<\/style>\t\t\t\t\t\t\t\t\t\t<img fetchpriority=\"high\" decoding=\"async\" width=\"576\" height=\"1024\" src=\"https:\/\/seequax.com\/wp-content\/uploads\/2017\/03\/0005-Play-Box-mit-tollem-Player-576x1024.png\" class=\"attachment-large size-large wp-image-2119\" alt=\"Play Box mit tollem Player\" srcset=\"https:\/\/seequax.com\/wp-content\/uploads\/2017\/03\/0005-Play-Box-mit-tollem-Player-576x1024.png 576w, https:\/\/seequax.com\/wp-content\/uploads\/2017\/03\/0005-Play-Box-mit-tollem-Player-169x300.png 169w, https:\/\/seequax.com\/wp-content\/uploads\/2017\/03\/0005-Play-Box-mit-tollem-Player.png 750w\" sizes=\"(max-width: 576px) 100vw, 576px\" \/>\t\t\t\t\t\t\t\t\t\t\t\t\t<\/div>\n\t\t\t\t<\/div>\n\t\t\t\t<div class=\"elementor-element elementor-element-8d73a5e elementor-widget elementor-widget-image\" data-id=\"8d73a5e\" data-element_type=\"widget\" data-widget_type=\"image.default\">\n\t\t\t\t<div class=\"elementor-widget-container\">\n\t\t\t\t\t\t\t\t\t\t\t\t\t<img decoding=\"async\" width=\"576\" height=\"1024\" src=\"https:\/\/seequax.com\/wp-content\/uploads\/2017\/03\/0018_Box-Lieblingalben-Jazz-576x1024.png\" class=\"attachment-large size-large wp-image-2133\" alt=\"Box Lieblingalben Jazz\" srcset=\"https:\/\/seequax.com\/wp-content\/uploads\/2017\/03\/0018_Box-Lieblingalben-Jazz-576x1024.png 576w, https:\/\/seequax.com\/wp-content\/uploads\/2017\/03\/0018_Box-Lieblingalben-Jazz-169x300.png 169w, https:\/\/seequax.com\/wp-content\/uploads\/2017\/03\/0018_Box-Lieblingalben-Jazz.png 750w\" sizes=\"(max-width: 576px) 100vw, 576px\" \/>\t\t\t\t\t\t\t\t\t\t\t\t\t<\/div>\n\t\t\t\t<\/div>\n\t\t\t\t\t<\/div>\n\t\t\t\t<\/div>\n\t\t\t\t<div class=\"elementor-element elementor-element-7787ea0 elementor-widget elementor-widget-text-editor\" data-id=\"7787ea0\" data-element_type=\"widget\" data-widget_type=\"text-editor.default\">\n\t\t\t\t<div class=\"elementor-widget-container\">\n\t\t\t\t\t\t\t<p style=\"text-align: left;\">We love music and are enthralled by Apple Music. But there is something that we miss:\u00a0 direct access to the library via a \u201cbox concept\u201d instead of long and endless playlists.<\/p><p style=\"text-align: left;\">Albums! is a music app that has everything you\u2019ve been looking for, and you\u2019ll still be able to use the great music player.<\/p><p style=\"text-align: left;\">Then there's the superb music player in the Albums! Play Box. <span style=\"color: #13aff0;\"><a style=\"color: #13aff0;\" href=\"https:\/\/seequax.com\/en\/albums\/\">Find out more here.<\/a><\/span><\/p><p style=\"text-align: left;\">\u00a0<\/p>\t\t\t\t\t\t<\/div>\n\t\t\t\t<\/div>\n\t\t\t\t\t<\/div>\n\t\t\t\t<\/div>\n\t\t<div class=\"elementor-element elementor-element-0116eb5 e-con-full e-flex e-con e-parent\" data-id=\"0116eb5\" data-element_type=\"container\">\n\t\t\t\t<div class=\"elementor-element elementor-element-5bee0f6 elementor-widget elementor-widget-heading\" data-id=\"5bee0f6\" data-element_type=\"widget\" data-widget_type=\"heading.default\">\n\t\t\t\t<div class=\"elementor-widget-container\">\n\t\t\t<h2 class=\"elementor-heading-title elementor-size-default\">PDWatch4U App <\/h2>\t\t<\/div>\n\t\t\t\t<\/div>\n\t\t\t\t<\/div>\n\t\t<div class=\"elementor-element elementor-element-b733db1 e-grid e-con-boxed e-con e-parent\" data-id=\"b733db1\" data-element_type=\"container\">\n\t\t\t\t\t<div class=\"e-con-inner\">\n\t\t<div class=\"elementor-element elementor-element-56e59c2 e-grid e-con-boxed e-con e-child\" data-id=\"56e59c2\" data-element_type=\"container\">\n\t\t\t\t\t<div class=\"e-con-inner\">\n\t\t\t\t<div class=\"elementor-element elementor-element-20bb1d1 elementor-widget elementor-widget-image\" data-id=\"20bb1d1\" data-element_type=\"widget\" data-widget_type=\"image.default\">\n\t\t\t\t<div class=\"elementor-widget-container\">\n\t\t\t\t\t\t\t\t\t\t\t\t\t<img decoding=\"async\" width=\"360\" height=\"640\" src=\"https:\/\/seequax.com\/wp-content\/uploads\/2017\/02\/PD-Watch-Screenshot-1.png\" class=\"attachment-large size-large wp-image-2027\" alt=\"Parkinson&#039;s Disease Watch App - Submit Symptom\" srcset=\"https:\/\/seequax.com\/wp-content\/uploads\/2017\/02\/PD-Watch-Screenshot-1.png 360w, https:\/\/seequax.com\/wp-content\/uploads\/2017\/02\/PD-Watch-Screenshot-1-169x300.png 169w\" sizes=\"(max-width: 360px) 100vw, 360px\" \/>\t\t\t\t\t\t\t\t\t\t\t\t\t<\/div>\n\t\t\t\t<\/div>\n\t\t\t\t<div class=\"elementor-element elementor-element-cd8a2ab elementor-widget elementor-widget-image\" data-id=\"cd8a2ab\" data-element_type=\"widget\" data-widget_type=\"image.default\">\n\t\t\t\t<div class=\"elementor-widget-container\">\n\t\t\t\t\t\t\t\t\t\t\t\t\t<img loading=\"lazy\" decoding=\"async\" width=\"360\" height=\"640\" src=\"https:\/\/seequax.com\/wp-content\/uploads\/2017\/01\/PD-Watch-App-Screenshot-2.png\" class=\"attachment-large size-large wp-image-1868\" alt=\"Parkinson&#039;s Disease Watch App - Symptoms\" srcset=\"https:\/\/seequax.com\/wp-content\/uploads\/2017\/01\/PD-Watch-App-Screenshot-2.png 360w, https:\/\/seequax.com\/wp-content\/uploads\/2017\/01\/PD-Watch-App-Screenshot-2-169x300.png 169w\" sizes=\"(max-width: 360px) 100vw, 360px\" \/>\t\t\t\t\t\t\t\t\t\t\t\t\t<\/div>\n\t\t\t\t<\/div>\n\t\t\t\t\t<\/div>\n\t\t\t\t<\/div>\n\t\t\t\t<div class=\"elementor-element elementor-element-215ab79 elementor-widget elementor-widget-text-editor\" data-id=\"215ab79\" data-element_type=\"widget\" data-widget_type=\"text-editor.default\">\n\t\t\t\t<div class=\"elementor-widget-container\">\n\t\t\t\t\t\t\t<p style=\"text-align: left;\"><span style=\"color: #333333;\">PDWatch4U (Parkinson's Disease) is the prototype of a medical app that supports People with Parkinson's and their doctors in optimizing medication quantities and times. In addition to taking medication regularly, continuous symptom recording, monitoring and analysis is crucial for the patient's quality of life.<\/span><\/p><p style=\"text-align: left;\"><span style=\"color: #333333;\">The app was tested in practice for several years and was developed in collaboration with an American long-term Parkinson's patient. Please download this flyer for more information: <span style=\"color: #13aff0;\"><a style=\"color: #13aff0;\" href=\"http:\/\/seequax.com\/wp-content\/uploads\/2017\/02\/PDWatch4U_Flyer.pdf\">PDWatch4U Flyer.pdf <\/a><\/span>(approx. 1 MB).<\/span><\/p><p style=\"text-align: left;\"><span style=\"color: #993300;\">Update: NeuroPath (Belgium) acquired the app in March 2021.<\/span><\/p>\t\t\t\t\t\t<\/div>\n\t\t\t\t<\/div>\n\t\t\t\t\t<\/div>\n\t\t\t\t<\/div>\n\t\t\t\t<\/div>","protected":false},"excerpt":{"rendered":"<p>\u00dcber Seequax Unsere Leidenschaft: Kleine und gro\u00dfe L\u00fccken in unserer (Software-)Welt aufzusp\u00fcren und diese intelligent zu f\u00fcllen. Dabei sind wir auch begeisterte Zuh\u00f6rer, weil eine App erst richtig lebt, wenn man sie gemeinsam mit den Menschen entwickelt, die sich die App wirklich w\u00fcnschen. Software betrifft mittlerweile unser gesamtes Leben, deswegen entwickeln wir Apps f\u00fcr alle [&hellip;]<\/p>","protected":false},"author":1,"featured_media":0,"parent":0,"menu_order":0,"comment_status":"closed","ping_status":"closed","template":"","meta":{"inline_featured_image":false,"ocean_post_layout":"full-width","ocean_both_sidebars_style":"","ocean_both_sidebars_content_width":0,"ocean_both_sidebars_sidebars_width":0,"ocean_sidebar":"","ocean_second_sidebar":"","ocean_disable_margins":"enable","ocean_add_body_class":"","ocean_shortcode_before_top_bar":"","ocean_shortcode_after_top_bar":"","ocean_shortcode_before_header":"","ocean_shortcode_after_header":"","ocean_has_shortcode":"","ocean_shortcode_after_title":"","ocean_shortcode_before_footer_widgets":"","ocean_shortcode_after_footer_widgets":"","ocean_shortcode_before_footer_bottom":"","ocean_shortcode_after_footer_bottom":"","ocean_display_top_bar":"default","ocean_display_header":"default","ocean_header_style":"","ocean_center_header_left_menu":"","ocean_custom_header_template":"","ocean_custom_logo":0,"ocean_custom_retina_logo":0,"ocean_custom_logo_max_width":0,"ocean_custom_logo_tablet_max_width":0,"ocean_custom_logo_mobile_max_width":0,"ocean_custom_logo_max_height":0,"ocean_custom_logo_tablet_max_height":0,"ocean_custom_logo_mobile_max_height":0,"ocean_header_custom_menu":"","ocean_menu_typo_font_family":"","ocean_menu_typo_font_subset":"","ocean_menu_typo_font_size":0,"ocean_menu_typo_font_size_tablet":0,"ocean_menu_typo_font_size_mobile":0,"ocean_menu_typo_font_size_unit":"px","ocean_menu_typo_font_weight":"","ocean_menu_typo_font_weight_tablet":"","ocean_menu_typo_font_weight_mobile":"","ocean_menu_typo_transform":"","ocean_menu_typo_transform_tablet":"","ocean_menu_typo_transform_mobile":"","ocean_menu_typo_line_height":0,"ocean_menu_typo_line_height_tablet":0,"ocean_menu_typo_line_height_mobile":0,"ocean_menu_typo_line_height_unit":"","ocean_menu_typo_spacing":0,"ocean_menu_typo_spacing_tablet":0,"ocean_menu_typo_spacing_mobile":0,"ocean_menu_typo_spacing_unit":"","ocean_menu_link_color":"","ocean_menu_link_color_hover":"","ocean_menu_link_color_active":"","ocean_menu_link_background":"","ocean_menu_link_hover_background":"","ocean_menu_link_active_background":"","ocean_menu_social_links_bg":"","ocean_menu_social_hover_links_bg":"","ocean_menu_social_links_color":"","ocean_menu_social_hover_links_color":"","ocean_disable_title":"default","ocean_disable_heading":"default","ocean_post_title":" ","ocean_post_subheading":"","ocean_post_title_style":"background-image","ocean_post_title_background_color":"","ocean_post_title_background":2785,"ocean_post_title_bg_image_position":"center center","ocean_post_title_bg_image_attachment":"","ocean_post_title_bg_image_repeat":"no-repeat","ocean_post_title_bg_image_size":"auto","ocean_post_title_height":300,"ocean_post_title_bg_overlay":0.1,"ocean_post_title_bg_overlay_color":"#00000000","ocean_disable_breadcrumbs":"default","ocean_breadcrumbs_color":"","ocean_breadcrumbs_separator_color":"","ocean_breadcrumbs_links_color":"","ocean_breadcrumbs_links_hover_color":"","ocean_display_footer_widgets":"default","ocean_display_footer_bottom":"default","ocean_custom_footer_template":"","footnotes":""},"_links":{"self":[{"href":"https:\/\/seequax.com\/en\/wp-json\/wp\/v2\/pages\/592"}],"collection":[{"href":"https:\/\/seequax.com\/en\/wp-json\/wp\/v2\/pages"}],"about":[{"href":"https:\/\/seequax.com\/en\/wp-json\/wp\/v2\/types\/page"}],"author":[{"embeddable":true,"href":"https:\/\/seequax.com\/en\/wp-json\/wp\/v2\/users\/1"}],"replies":[{"embeddable":true,"href":"https:\/\/seequax.com\/en\/wp-json\/wp\/v2\/comments?post=592"}],"version-history":[{"count":176,"href":"https:\/\/seequax.com\/en\/wp-json\/wp\/v2\/pages\/592\/revisions"}],"predecessor-version":[{"id":2532,"href":"https:\/\/seequax.com\/en\/wp-json\/wp\/v2\/pages\/592\/revisions\/2532"}],"wp:attachment":[{"href":"https:\/\/seequax.com\/en\/wp-json\/wp\/v2\/media?parent=592"}],"curies":[{"name":"wp","href":"https:\/\/api.w.org\/{rel}","templated":true}]}}